{"id":2339,"date":"2025-05-10T15:12:10","date_gmt":"2025-05-10T15:12:10","guid":{"rendered":"https:\/\/new-step.be\/politique-de-confidentialite\/"},"modified":"2025-05-12T08:57:04","modified_gmt":"2025-05-12T08:57:04","slug":"politique-de-confidentialite","status":"publish","type":"page","link":"https:\/\/new-step.be\/fr\/politique-de-confidentialite\/","title":{"rendered":"politique de confidentialit\u00e9"},"content":{"rendered":"\t\t<div data-elementor-type=\"wp-page\" data-elementor-id=\"2339\" class=\"elementor elementor-2339 elementor-2252\" data-elementor-post-type=\"page\">\n\t\t\t\t<div class=\"elementor-element elementor-element-0110706 e-flex e-con-boxed e-con e-parent\" data-id=\"0110706\" data-element_type=\"container\">\n\t\t\t\t\t<div class=\"e-con-inner\">\n\t\t\t\t<div class=\"elementor-element elementor-element-ecca5f7 elementor-widget elementor-widget-html\" data-id=\"ecca5f7\" data-element_type=\"widget\" data-widget_type=\"html.default\">\n\t\t\t\t<div class=\"elementor-widget-container\">\n\t\t\t\t\t<h1>Politique de confidentialit\u00e9<\/h1>\r\n<p><strong>Derni\u00e8re mise \u00e0 jour le 10 mai 2025<\/strong><\/p>\r\n\r\n<p>\r\n  Cette politique de confidentialit\u00e9 d\u00e9crit comment <strong>New Step<\/strong> traite vos donn\u00e9es personnelles lorsque vous visitez notre site web ou que vous nous contactez via l'un de nos formulaires.\r\n<\/p>\r\n\r\n\t\t\t\t<\/div>\n\t\t\t\t<\/div>\n\t\t\t\t<div class=\"elementor-element elementor-element-be44c8a elementor-widget-divider--view-line elementor-widget elementor-widget-divider\" data-id=\"be44c8a\" data-element_type=\"widget\" data-widget_type=\"divider.default\">\n\t\t\t\t<div class=\"elementor-widget-container\">\n\t\t\t\t\t\t\t<div class=\"elementor-divider\">\n\t\t\t<span class=\"elementor-divider-separator\">\n\t\t\t\t\t\t<\/span>\n\t\t<\/div>\n\t\t\t\t\t\t<\/div>\n\t\t\t\t<\/div>\n\t\t\t\t<div class=\"elementor-element elementor-element-33fe1ec elementor-widget elementor-widget-html\" data-id=\"33fe1ec\" data-element_type=\"widget\" data-widget_type=\"html.default\">\n\t\t\t\t<div class=\"elementor-widget-container\">\n\t\t\t\t\t<h2>Quelles sont les donn\u00e9es collect\u00e9es ?<\/h2>\r\n<p>Nous ne collectons et ne traitons que les donn\u00e9es que vous saisissez vous-m\u00eame via nos formulaires de contact ou de devis, y compris :<\/p>\r\n<ul>\r\n  <li>Pr\u00e9nom et nom<\/li>\r\n  <li>Adresse \u00e9lectronique<\/li>\r\n  <li>Num\u00e9ro de t\u00e9l\u00e9phone<\/li>\r\n  <li>Adresse et commune<\/li>\r\n  <li>Objet et contenu du message<\/li>\r\n  <li>Adresse IP et donn\u00e9es techniques concernant votre navigateur ou votre appareil<\/li>\r\n<\/ul>\r\n\r\n<h2>\u00c0 quoi servent ces donn\u00e9es ?<\/h2>\r\n<p>Nous n'utilisons vos donn\u00e9es que pour :<\/p>\r\n<ul>\r\n  <li>Vous contacter suite \u00e0 votre demande<\/li>\r\n  <li>Fournir un service pr\u00e9cis et personnalis\u00e9<\/li>\r\n  <li>Am\u00e9liorer nos services et nos communications<\/li>\r\n<\/ul>\r\n\r\n<p>Nous <strong>n'<\/strong> utilisons <strong>pas<\/strong> vos donn\u00e9es pour des lettres d'information ou du marketing sans votre consentement explicite.<\/p>\r\n\r\n<h2>Avec qui partageons-nous vos donn\u00e9es ?<\/h2>\r\n<p>\r\n  Nous ne vendons jamais vos donn\u00e9es \u00e0 des tiers. Dans certains cas, vos donn\u00e9es peuvent \u00eatre partag\u00e9es avec des prestataires de services techniques (tels que des h\u00e9bergeurs ou des outils d'analyse) qui nous aident \u00e0 am\u00e9liorer nos services. Ces parties ne peuvent utiliser vos donn\u00e9es que conform\u00e9ment \u00e0 nos instructions.  \r\n<\/p>\r\n\r\n<h2>Cookies et analyse<\/h2>\r\n<p>\r\n  Notre site web utilise des cookies et des outils d'analyse tels que Google Analytics pour mesurer et am\u00e9liorer l'utilisation du site web. Veuillez consulter notre <a href=\"https:\/\/new-step.be\/fr\/politique-en-matiere-de-cookies\/\">politique en mati\u00e8re de cookies<\/a> pour plus d'informations. \r\n<\/p>\r\n\r\n<h2>P\u00e9riode de conservation<\/h2>\r\n<p>\r\n  Vos donn\u00e9es ne seront pas conserv\u00e9es plus longtemps que n\u00e9cessaire aux fins pour lesquelles elles ont \u00e9t\u00e9 collect\u00e9es, \u00e0 moins qu'une obligation l\u00e9gale ne s'y oppose. Ensuite, elles seront supprim\u00e9es en toute s\u00e9curit\u00e9 ou rendues anonymes. \r\n<\/p>\r\n\r\n<h2>Vos droits<\/h2>\r\n<p>Vous avez le droit de :<\/p>\r\n<ul>\r\n  <li>Acc\u00e9der, corriger ou supprimer vos donn\u00e9es<\/li>\r\n  <li>Restreindre le traitement de vos donn\u00e9es ou s'y opposer<\/li>\r\n  <li>Retirer votre consentement \u00e0 tout moment<\/li>\r\n  <li>D\u00e9poser une plainte aupr\u00e8s de l'Autorit\u00e9 de protection des donn\u00e9es<a href=\"https:\/\/www.gegevensbeschermingsautoriteit.be\" target=\"_blank\">(www.gegevensbeschermingsautoriteit.be<\/a>)<\/li>\r\n<\/ul>\r\n\r\n<p>Vous pouvez exercer ces droits en vous adressant au point de contact ci-dessous.<\/p>\r\n\r\n<h2>Coordonn\u00e9es de la personne \u00e0 contacter<\/h2>\r\n<p>\r\n  <strong>New Step<\/strong><br> E-mail : <a href=\"mailto:info@new-step.be\">info@new-step.be<\/a><br> T\u00e9l\u00e9phone : <a href=\"tel:+32472080229\">+32 472 08 02 29<\/a>\r\n<\/p>\r\n\r\n<h2>S\u00e9curit\u00e9<\/h2>\r\n<p>\r\n  Nous prenons des mesures appropri\u00e9es pour prot\u00e9ger vos donn\u00e9es contre la perte, l'utilisation abusive, l'acc\u00e8s non autoris\u00e9 ou la divulgation. Toutefois, veuillez noter qu'aucun syst\u00e8me n'est s\u00fbr \u00e0 100 %. \r\n<\/p>\r\n\r\n<h2>Liens externes<\/h2>\r\n<p>\r\n  Notre site web peut contenir des liens vers des sites web externes. Nous ne sommes pas responsables des politiques de confidentialit\u00e9 ou du contenu de ces sites. Nous vous recommandons de toujours consulter leurs propres politiques.  \r\n<\/p>\r\n\r\n<h2>Permission<\/h2>\r\n<p>\r\n  En utilisant notre site web et en soumettant un formulaire, vous acceptez cette politique de confidentialit\u00e9.\r\n<\/p>\r\n\r\n<h2>Clause de non-responsabilit\u00e9<\/h2>\r\n<p>\r\n  Toutes les informations figurant sur ce site web sont compil\u00e9es avec le plus grand soin. N\u00e9anmoins, des erreurs ou des omissions peuvent se produire. <strong>New Step<\/strong> ne peut \u00eatre tenu responsable de tout dommage r\u00e9sultant de l'utilisation de ce site web. \r\n<\/p>\r\n<p>\r\n  Les prix, les informations et le contenu peuvent \u00eatre modifi\u00e9s sans pr\u00e9avis.\r\n<\/p>\r\n\r\n<h2>Liens vers des sites web externes<\/h2>\r\n<p>\r\n  Notre site web peut contenir des liens vers d'autres sites web. <strong>New Step<\/strong> n'est pas responsable des politiques de confidentialit\u00e9, du contenu ou des pratiques des sites web externes. Nous vous recommandons de consulter leur propre politique de confidentialit\u00e9 lorsque vous visitez un site externe. \r\n<\/p>\r\n\r\n<h2>Permission<\/h2>\r\n<p>\r\n  En utilisant notre site web et en soumettant un formulaire, vous acceptez la pr\u00e9sente politique de confidentialit\u00e9 et ses conditions g\u00e9n\u00e9rales.\r\n<\/p>\r\n\r\n\t\t\t\t<\/div>\n\t\t\t\t<\/div>\n\t\t\t\t\t<\/div>\n\t\t\t\t<\/div>\n\t\t\t\t<\/div>\n\t\t","protected":false},"excerpt":{"rendered":"<p>Politique de confidentialit\u00e9 Derni\u00e8re mise \u00e0 jour le 10 mai 2025 Cette politique de confidentialit\u00e9 d\u00e9crit comment New Step traite vos donn\u00e9es personnelles lorsque vous visitez notre site web ou que vous nous contactez via l&rsquo;un de nos formulaires. Quelles sont les donn\u00e9es collect\u00e9es ? Nous ne collectons et ne traitons que les donn\u00e9es que [&hellip;]<\/p>\n","protected":false},"author":1,"featured_media":0,"parent":0,"menu_order":0,"comment_status":"closed","ping_status":"closed","template":"","meta":{"_acf_changed":false,"footnotes":""},"class_list":["post-2339","page","type-page","status-publish","hentry"],"acf":[],"yoast_head":"<!-- This site is optimized with the Yoast SEO plugin v25.0 - https:\/\/yoast.com\/wordpress\/plugins\/seo\/ -->\n<title>politique de confidentialit\u00e9 - New-step<\/title>\n<meta name=\"robots\" content=\"index, follow, max-snippet:-1, max-image-preview:large, max-video-preview:-1\" \/>\n<link rel=\"canonical\" href=\"https:\/\/new-step.be\/fr\/politique-de-confidentialite\/\" \/>\n<meta property=\"og:locale\" content=\"fr_FR\" \/>\n<meta property=\"og:type\" content=\"article\" \/>\n<meta property=\"og:title\" content=\"politique de confidentialit\u00e9 - New-step\" \/>\n<meta property=\"og:description\" content=\"Politique de confidentialit\u00e9 Derni\u00e8re mise \u00e0 jour le 10 mai 2025 Cette politique de confidentialit\u00e9 d\u00e9crit comment New Step traite vos donn\u00e9es personnelles lorsque vous visitez notre site web ou que vous nous contactez via l&rsquo;un de nos formulaires. Quelles sont les donn\u00e9es collect\u00e9es ? Nous ne collectons et ne traitons que les donn\u00e9es que [&hellip;]\" \/>\n<meta property=\"og:url\" content=\"https:\/\/new-step.be\/fr\/politique-de-confidentialite\/\" \/>\n<meta property=\"og:site_name\" content=\"New-step\" \/>\n<meta property=\"article:publisher\" content=\"https:\/\/www.facebook.com\/Traprenovaties\/?locale=nl_BE\" \/>\n<meta property=\"article:modified_time\" content=\"2025-05-12T08:57:04+00:00\" \/>\n<meta name=\"twitter:card\" content=\"summary_large_image\" \/>\n<meta name=\"twitter:label1\" content=\"Dur\u00e9e de lecture estim\u00e9e\" \/>\n\t<meta name=\"twitter:data1\" content=\"3 minutes\" \/>\n<script type=\"application\/ld+json\" class=\"yoast-schema-graph\">{\"@context\":\"https:\/\/schema.org\",\"@graph\":[{\"@type\":\"WebPage\",\"@id\":\"https:\/\/new-step.be\/fr\/politique-de-confidentialite\/\",\"url\":\"https:\/\/new-step.be\/fr\/politique-de-confidentialite\/\",\"name\":\"politique de confidentialit\u00e9 - New-step\",\"isPartOf\":{\"@id\":\"https:\/\/new-step.be\/fr\/#website\"},\"datePublished\":\"2025-05-10T15:12:10+00:00\",\"dateModified\":\"2025-05-12T08:57:04+00:00\",\"breadcrumb\":{\"@id\":\"https:\/\/new-step.be\/fr\/politique-de-confidentialite\/#breadcrumb\"},\"inLanguage\":\"fr-FR\",\"potentialAction\":[{\"@type\":\"ReadAction\",\"target\":[\"https:\/\/new-step.be\/fr\/politique-de-confidentialite\/\"]}]},{\"@type\":\"BreadcrumbList\",\"@id\":\"https:\/\/new-step.be\/fr\/politique-de-confidentialite\/#breadcrumb\",\"itemListElement\":[{\"@type\":\"ListItem\",\"position\":1,\"name\":\"Home\",\"item\":\"https:\/\/new-step.be\/fr\/accueil\/\"},{\"@type\":\"ListItem\",\"position\":2,\"name\":\"politique de confidentialit\u00e9\"}]},{\"@type\":\"WebSite\",\"@id\":\"https:\/\/new-step.be\/fr\/#website\",\"url\":\"https:\/\/new-step.be\/fr\/\",\"name\":\"New-step\",\"description\":\"Trappen, Renovaties &amp; Balustrades\",\"publisher\":{\"@id\":\"https:\/\/new-step.be\/fr\/#organization\"},\"potentialAction\":[{\"@type\":\"SearchAction\",\"target\":{\"@type\":\"EntryPoint\",\"urlTemplate\":\"https:\/\/new-step.be\/fr\/?s={search_term_string}\"},\"query-input\":{\"@type\":\"PropertyValueSpecification\",\"valueRequired\":true,\"valueName\":\"search_term_string\"}}],\"inLanguage\":\"fr-FR\"},{\"@type\":\"Organization\",\"@id\":\"https:\/\/new-step.be\/fr\/#organization\",\"name\":\"New-step\",\"url\":\"https:\/\/new-step.be\/fr\/\",\"logo\":{\"@type\":\"ImageObject\",\"inLanguage\":\"fr-FR\",\"@id\":\"https:\/\/new-step.be\/fr\/#\/schema\/logo\/image\/\",\"url\":\"https:\/\/new-step.be\/wp-content\/uploads\/2025\/03\/image-17.svg\",\"contentUrl\":\"https:\/\/new-step.be\/wp-content\/uploads\/2025\/03\/image-17.svg\",\"width\":275,\"height\":76,\"caption\":\"New-step\"},\"image\":{\"@id\":\"https:\/\/new-step.be\/fr\/#\/schema\/logo\/image\/\"},\"sameAs\":[\"https:\/\/www.facebook.com\/Traprenovaties\/?locale=nl_BE\",\"https:\/\/www.instagram.com\/newsteptraprenovaties\/\"]}]}<\/script>\n<!-- \/ Yoast SEO plugin. -->","yoast_head_json":{"title":"politique de confidentialit\u00e9 - New-step","robots":{"index":"index","follow":"follow","max-snippet":"max-snippet:-1","max-image-preview":"max-image-preview:large","max-video-preview":"max-video-preview:-1"},"canonical":"https:\/\/new-step.be\/fr\/politique-de-confidentialite\/","og_locale":"fr_FR","og_type":"article","og_title":"politique de confidentialit\u00e9 - New-step","og_description":"Politique de confidentialit\u00e9 Derni\u00e8re mise \u00e0 jour le 10 mai 2025 Cette politique de confidentialit\u00e9 d\u00e9crit comment New Step traite vos donn\u00e9es personnelles lorsque vous visitez notre site web ou que vous nous contactez via l&rsquo;un de nos formulaires. Quelles sont les donn\u00e9es collect\u00e9es ? Nous ne collectons et ne traitons que les donn\u00e9es que [&hellip;]","og_url":"https:\/\/new-step.be\/fr\/politique-de-confidentialite\/","og_site_name":"New-step","article_publisher":"https:\/\/www.facebook.com\/Traprenovaties\/?locale=nl_BE","article_modified_time":"2025-05-12T08:57:04+00:00","twitter_card":"summary_large_image","twitter_misc":{"Dur\u00e9e de lecture estim\u00e9e":"3 minutes"},"schema":{"@context":"https:\/\/schema.org","@graph":[{"@type":"WebPage","@id":"https:\/\/new-step.be\/fr\/politique-de-confidentialite\/","url":"https:\/\/new-step.be\/fr\/politique-de-confidentialite\/","name":"politique de confidentialit\u00e9 - New-step","isPartOf":{"@id":"https:\/\/new-step.be\/fr\/#website"},"datePublished":"2025-05-10T15:12:10+00:00","dateModified":"2025-05-12T08:57:04+00:00","breadcrumb":{"@id":"https:\/\/new-step.be\/fr\/politique-de-confidentialite\/#breadcrumb"},"inLanguage":"fr-FR","potentialAction":[{"@type":"ReadAction","target":["https:\/\/new-step.be\/fr\/politique-de-confidentialite\/"]}]},{"@type":"BreadcrumbList","@id":"https:\/\/new-step.be\/fr\/politique-de-confidentialite\/#breadcrumb","itemListElement":[{"@type":"ListItem","position":1,"name":"Home","item":"https:\/\/new-step.be\/fr\/accueil\/"},{"@type":"ListItem","position":2,"name":"politique de confidentialit\u00e9"}]},{"@type":"WebSite","@id":"https:\/\/new-step.be\/fr\/#website","url":"https:\/\/new-step.be\/fr\/","name":"New-step","description":"Trappen, Renovaties &amp; Balustrades","publisher":{"@id":"https:\/\/new-step.be\/fr\/#organization"},"potentialAction":[{"@type":"SearchAction","target":{"@type":"EntryPoint","urlTemplate":"https:\/\/new-step.be\/fr\/?s={search_term_string}"},"query-input":{"@type":"PropertyValueSpecification","valueRequired":true,"valueName":"search_term_string"}}],"inLanguage":"fr-FR"},{"@type":"Organization","@id":"https:\/\/new-step.be\/fr\/#organization","name":"New-step","url":"https:\/\/new-step.be\/fr\/","logo":{"@type":"ImageObject","inLanguage":"fr-FR","@id":"https:\/\/new-step.be\/fr\/#\/schema\/logo\/image\/","url":"https:\/\/new-step.be\/wp-content\/uploads\/2025\/03\/image-17.svg","contentUrl":"https:\/\/new-step.be\/wp-content\/uploads\/2025\/03\/image-17.svg","width":275,"height":76,"caption":"New-step"},"image":{"@id":"https:\/\/new-step.be\/fr\/#\/schema\/logo\/image\/"},"sameAs":["https:\/\/www.facebook.com\/Traprenovaties\/?locale=nl_BE","https:\/\/www.instagram.com\/newsteptraprenovaties\/"]}]}},"_links":{"self":[{"href":"https:\/\/new-step.be\/fr\/wp-json\/wp\/v2\/pages\/2339","targetHints":{"allow":["GET"]}}],"collection":[{"href":"https:\/\/new-step.be\/fr\/wp-json\/wp\/v2\/pages"}],"about":[{"href":"https:\/\/new-step.be\/fr\/wp-json\/wp\/v2\/types\/page"}],"author":[{"embeddable":true,"href":"https:\/\/new-step.be\/fr\/wp-json\/wp\/v2\/users\/1"}],"replies":[{"embeddable":true,"href":"https:\/\/new-step.be\/fr\/wp-json\/wp\/v2\/comments?post=2339"}],"version-history":[{"count":1,"href":"https:\/\/new-step.be\/fr\/wp-json\/wp\/v2\/pages\/2339\/revisions"}],"predecessor-version":[{"id":2340,"href":"https:\/\/new-step.be\/fr\/wp-json\/wp\/v2\/pages\/2339\/revisions\/2340"}],"wp:attachment":[{"href":"https:\/\/new-step.be\/fr\/wp-json\/wp\/v2\/media?parent=2339"}],"curies":[{"name":"wp","href":"https:\/\/api.w.org\/{rel}","templated":true}]}}