{"id":2334,"date":"2025-05-10T15:12:33","date_gmt":"2025-05-10T15:12:33","guid":{"rendered":"https:\/\/new-step.be\/politique-en-matiere-de-cookies\/"},"modified":"2025-05-12T08:39:42","modified_gmt":"2025-05-12T08:39:42","slug":"politique-en-matiere-de-cookies","status":"publish","type":"page","link":"https:\/\/new-step.be\/fr\/politique-en-matiere-de-cookies\/","title":{"rendered":"Politique en mati\u00e8re de cookies"},"content":{"rendered":"\t\t<div data-elementor-type=\"wp-page\" data-elementor-id=\"2334\" class=\"elementor elementor-2334 elementor-2257\" data-elementor-post-type=\"page\">\n\t\t\t\t<div class=\"elementor-element elementor-element-94cb7a8 e-flex e-con-boxed e-con e-parent\" data-id=\"94cb7a8\" data-element_type=\"container\">\n\t\t\t\t\t<div class=\"e-con-inner\">\n\t\t\t\t<div class=\"elementor-element elementor-element-2a64522 elementor-widget elementor-widget-html\" data-id=\"2a64522\" data-element_type=\"widget\" data-widget_type=\"html.default\">\n\t\t\t\t<div class=\"elementor-widget-container\">\n\t\t\t\t\t<style>\r\n    a.cky-banner-element {\r\n        padding: 8px 30px;\r\n        background: #F8F9FA;\r\n        color: #858A8F;\r\n        border: 1px solid #DEE2E6;\r\n        box-sizing: border-box;\r\n        border-radius: 2px;\r\n        cursor: pointer;\r\n    }\r\n<\/style>\r\n\r\n<h1 class=\"cookie-policy-h1\">Politique en mati\u00e8re de cookies<\/h1>\r\n<p>\r\n  Date d'entr\u00e9e en vigueur : 10 mai 2025 <br> Derni\u00e8re mise \u00e0 jour : 10 mai 2025\r\n<\/p>\t\t\t\t<\/div>\n\t\t\t\t<\/div>\n\t\t\t\t<div class=\"elementor-element elementor-element-9dc0337 elementor-widget-divider--view-line elementor-widget elementor-widget-divider\" data-id=\"9dc0337\" data-element_type=\"widget\" data-widget_type=\"divider.default\">\n\t\t\t\t<div class=\"elementor-widget-container\">\n\t\t\t\t\t\t\t<div class=\"elementor-divider\">\n\t\t\t<span class=\"elementor-divider-separator\">\n\t\t\t\t\t\t<\/span>\n\t\t<\/div>\n\t\t\t\t\t\t<\/div>\n\t\t\t\t<\/div>\n\t\t\t\t<div class=\"elementor-element elementor-element-9b6f444 elementor-widget elementor-widget-html\" data-id=\"9b6f444\" data-element_type=\"widget\" data-widget_type=\"html.default\">\n\t\t\t\t<div class=\"elementor-widget-container\">\n\t\t\t\t\t&nbsp;\r\n<h5>Qu'est-ce qu'un biscuit ?<\/h5>\r\n<div class=\"cookie-policy-p\">\r\n    <p>La pr\u00e9sente politique en mati\u00e8re de cookies explique ce que sont les cookies et comment nous les utilisons, quels types de cookies nous utilisons, quelles informations nous collectons \u00e0 l'aide des cookies et comment nous utilisons ces informations, ainsi que la mani\u00e8re de g\u00e9rer vos param\u00e8tres de cookies.<\/p>\r\n    <p>Les cookies sont de petits fichiers texte utilis\u00e9s pour stocker de petits \u00e9l\u00e9ments d'information. Ils sont stock\u00e9s sur votre appareil lorsque le site web se charge dans votre navigateur. Ces cookies nous aident \u00e0 faire fonctionner le site web correctement, \u00e0 le rendre plus s\u00fbr, \u00e0 fournir une meilleure exp\u00e9rience \u00e0 l'utilisateur et \u00e0 comprendre comment le site web fonctionne et o\u00f9 des am\u00e9liorations sont n\u00e9cessaires.  <\/p>\r\n<\/div>\r\n\r\n&nbsp;\r\n<h5>Comment utilisons-nous les cookies ?<\/h5>\r\n<div class=\"cookie-policy-p\">\r\n    <p>Comme la plupart des services en ligne, notre site web utilise \u00e0 la fois des cookies de premi\u00e8re partie et des cookies de tierce partie \u00e0 des fins diff\u00e9rentes. Les cookies de premi\u00e8re partie sont principalement n\u00e9cessaires au bon fonctionnement du site web et ne collectent aucune donn\u00e9e personnelle identifiable vous concernant. <\/p>\r\n    <p>Les cookies de tiers sur notre site web sont principalement utilis\u00e9s pour comprendre comment le site web fonctionne, comment vous interagissez avec le site web, pour assurer la s\u00e9curit\u00e9 de nos services, pour diffuser des publicit\u00e9s pertinentes pour vous et, de mani\u00e8re g\u00e9n\u00e9rale, pour vous offrir une exp\u00e9rience utilisateur meilleure et am\u00e9lior\u00e9e, et pour acc\u00e9l\u00e9rer les interactions futures avec notre site web.<\/p>\r\n<\/div>\r\n\r\n&nbsp;\r\n<h5>Types de cookies que nous utilisons<\/h5>\r\n\r\n<div class=\"cky-audit-table-element\"><\/div>\r\n\r\n&nbsp;\r\n<h5 style=\"margin-bottom:20px;\">Gestion des pr\u00e9f\u00e9rences en mati\u00e8re de cookies<\/h5>\r\n\r\n<a class=\"cky-banner-element\">Param\u00e8tres des cookies<\/a> <br>\r\n<div>\r\n    <p>Vous pouvez modifier vos pr\u00e9f\u00e9rences en mati\u00e8re de cookies \u00e0 tout moment en cliquant sur le bouton ci-dessus. Cela vous permettra de revenir sur la banni\u00e8re de consentement aux cookies et d'ajuster vos pr\u00e9f\u00e9rences ou de retirer votre consentement. <\/p>\r\n    <p>En outre, les navigateurs proposent diff\u00e9rentes m\u00e9thodes pour bloquer et supprimer les cookies utilis\u00e9s par les sites web. Vous pouvez ajuster les param\u00e8tres de votre navigateur pour bloquer ou supprimer les cookies. Vous trouverez ci-dessous des liens vers les pages d'assistance des principaux navigateurs web :  <\/p>\r\n    <p>Chrome <a target=\"_blank\" href=\"https:\/\/support.google.com\/accounts\/answer\/32050\">: https:\/\/support.google.com\/accounts\/answer\/32050<\/a><\/p>\r\n    <p>Safari <a target=\"_blank\" href=\"https:\/\/support.apple.com\/en-in\/guide\/safari\/sfri11471\/mac\">: https:\/\/support.apple.com\/en-in\/guide\/safari\/sfri11471\/mac<\/a><\/p>\r\n    <p>Firefox <a target=\"_blank\" href=\"https:\/\/support.mozilla.org\/en-US\/kb\/clear-cookies-and-site-data-firefox?redirectslug=delete-cookies-remove-info-websites-stored&amp;redirectlocale=en-US\">: https:\/\/support.mozilla.org\/en-US\/kb\/clear-cookies-and-site-data-firefox<\/a><\/p>\r\n    <p>Internet Explorer <a target=\"_blank\" href=\"https:\/\/support.microsoft.com\/en-us\/topic\/how-to-delete-cookie-files-in-internet-explorer-bca9446f-d873-78de-77ba-d42645fa52fc\">: https:\/\/support.microsoft.com\/en-us\/topic\/how-to-delete-cookie-files-in-internet-explorer<\/a><\/p>\r\n    <p>Si vous utilisez un autre navigateur web, veuillez vous r\u00e9f\u00e9rer \u00e0 la documentation officielle de votre navigateur.<\/p>\r\n<\/div>\r\n\r\n\t\t\t\t<\/div>\n\t\t\t\t<\/div>\n\t\t\t\t\t<\/div>\n\t\t\t\t<\/div>\n\t\t\t\t<\/div>\n\t\t","protected":false},"excerpt":{"rendered":"<p>Politique en mati\u00e8re de cookies Date d&rsquo;entr\u00e9e en vigueur : 10 mai 2025 Derni\u00e8re mise \u00e0 jour : 10 mai 2025 &nbsp; Qu&rsquo;est-ce qu&rsquo;un biscuit ? La pr\u00e9sente politique en mati\u00e8re de cookies explique ce que sont les cookies et comment nous les utilisons, quels types de cookies nous utilisons, quelles informations nous collectons \u00e0 [&hellip;]<\/p>\n","protected":false},"author":1,"featured_media":0,"parent":0,"menu_order":0,"comment_status":"closed","ping_status":"closed","template":"","meta":{"_acf_changed":false,"footnotes":""},"class_list":["post-2334","page","type-page","status-publish","hentry"],"acf":[],"yoast_head":"<!-- This site is optimized with the Yoast SEO plugin v25.0 - https:\/\/yoast.com\/wordpress\/plugins\/seo\/ -->\n<title>Politique en mati\u00e8re de cookies - New-step<\/title>\n<meta name=\"robots\" content=\"index, follow, max-snippet:-1, max-image-preview:large, max-video-preview:-1\" \/>\n<link rel=\"canonical\" href=\"https:\/\/new-step.be\/fr\/politique-en-matiere-de-cookies\/\" \/>\n<meta property=\"og:locale\" content=\"fr_FR\" \/>\n<meta property=\"og:type\" content=\"article\" \/>\n<meta property=\"og:title\" content=\"Politique en mati\u00e8re de cookies - New-step\" \/>\n<meta property=\"og:description\" content=\"Politique en mati\u00e8re de cookies Date d&rsquo;entr\u00e9e en vigueur : 10 mai 2025 Derni\u00e8re mise \u00e0 jour : 10 mai 2025 &nbsp; Qu&rsquo;est-ce qu&rsquo;un biscuit ? La pr\u00e9sente politique en mati\u00e8re de cookies explique ce que sont les cookies et comment nous les utilisons, quels types de cookies nous utilisons, quelles informations nous collectons \u00e0 [&hellip;]\" \/>\n<meta property=\"og:url\" content=\"https:\/\/new-step.be\/fr\/politique-en-matiere-de-cookies\/\" \/>\n<meta property=\"og:site_name\" content=\"New-step\" \/>\n<meta property=\"article:publisher\" content=\"https:\/\/www.facebook.com\/Traprenovaties\/?locale=nl_BE\" \/>\n<meta property=\"article:modified_time\" content=\"2025-05-12T08:39:42+00:00\" \/>\n<meta name=\"twitter:card\" content=\"summary_large_image\" \/>\n<meta name=\"twitter:label1\" content=\"Dur\u00e9e de lecture estim\u00e9e\" \/>\n\t<meta name=\"twitter:data1\" content=\"2 minutes\" \/>\n<script type=\"application\/ld+json\" class=\"yoast-schema-graph\">{\"@context\":\"https:\/\/schema.org\",\"@graph\":[{\"@type\":\"WebPage\",\"@id\":\"https:\/\/new-step.be\/fr\/politique-en-matiere-de-cookies\/\",\"url\":\"https:\/\/new-step.be\/fr\/politique-en-matiere-de-cookies\/\",\"name\":\"Politique en mati\u00e8re de cookies - New-step\",\"isPartOf\":{\"@id\":\"https:\/\/new-step.be\/fr\/#website\"},\"datePublished\":\"2025-05-10T15:12:33+00:00\",\"dateModified\":\"2025-05-12T08:39:42+00:00\",\"breadcrumb\":{\"@id\":\"https:\/\/new-step.be\/fr\/politique-en-matiere-de-cookies\/#breadcrumb\"},\"inLanguage\":\"fr-FR\",\"potentialAction\":[{\"@type\":\"ReadAction\",\"target\":[\"https:\/\/new-step.be\/fr\/politique-en-matiere-de-cookies\/\"]}]},{\"@type\":\"BreadcrumbList\",\"@id\":\"https:\/\/new-step.be\/fr\/politique-en-matiere-de-cookies\/#breadcrumb\",\"itemListElement\":[{\"@type\":\"ListItem\",\"position\":1,\"name\":\"Home\",\"item\":\"https:\/\/new-step.be\/fr\/accueil\/\"},{\"@type\":\"ListItem\",\"position\":2,\"name\":\"Politique en mati\u00e8re de cookies\"}]},{\"@type\":\"WebSite\",\"@id\":\"https:\/\/new-step.be\/fr\/#website\",\"url\":\"https:\/\/new-step.be\/fr\/\",\"name\":\"New-step\",\"description\":\"Trappen, Renovaties &amp; Balustrades\",\"publisher\":{\"@id\":\"https:\/\/new-step.be\/fr\/#organization\"},\"potentialAction\":[{\"@type\":\"SearchAction\",\"target\":{\"@type\":\"EntryPoint\",\"urlTemplate\":\"https:\/\/new-step.be\/fr\/?s={search_term_string}\"},\"query-input\":{\"@type\":\"PropertyValueSpecification\",\"valueRequired\":true,\"valueName\":\"search_term_string\"}}],\"inLanguage\":\"fr-FR\"},{\"@type\":\"Organization\",\"@id\":\"https:\/\/new-step.be\/fr\/#organization\",\"name\":\"New-step\",\"url\":\"https:\/\/new-step.be\/fr\/\",\"logo\":{\"@type\":\"ImageObject\",\"inLanguage\":\"fr-FR\",\"@id\":\"https:\/\/new-step.be\/fr\/#\/schema\/logo\/image\/\",\"url\":\"https:\/\/new-step.be\/wp-content\/uploads\/2025\/03\/image-17.svg\",\"contentUrl\":\"https:\/\/new-step.be\/wp-content\/uploads\/2025\/03\/image-17.svg\",\"width\":275,\"height\":76,\"caption\":\"New-step\"},\"image\":{\"@id\":\"https:\/\/new-step.be\/fr\/#\/schema\/logo\/image\/\"},\"sameAs\":[\"https:\/\/www.facebook.com\/Traprenovaties\/?locale=nl_BE\",\"https:\/\/www.instagram.com\/newsteptraprenovaties\/\"]}]}<\/script>\n<!-- \/ Yoast SEO plugin. -->","yoast_head_json":{"title":"Politique en mati\u00e8re de cookies - New-step","robots":{"index":"index","follow":"follow","max-snippet":"max-snippet:-1","max-image-preview":"max-image-preview:large","max-video-preview":"max-video-preview:-1"},"canonical":"https:\/\/new-step.be\/fr\/politique-en-matiere-de-cookies\/","og_locale":"fr_FR","og_type":"article","og_title":"Politique en mati\u00e8re de cookies - New-step","og_description":"Politique en mati\u00e8re de cookies Date d&rsquo;entr\u00e9e en vigueur : 10 mai 2025 Derni\u00e8re mise \u00e0 jour : 10 mai 2025 &nbsp; Qu&rsquo;est-ce qu&rsquo;un biscuit ? La pr\u00e9sente politique en mati\u00e8re de cookies explique ce que sont les cookies et comment nous les utilisons, quels types de cookies nous utilisons, quelles informations nous collectons \u00e0 [&hellip;]","og_url":"https:\/\/new-step.be\/fr\/politique-en-matiere-de-cookies\/","og_site_name":"New-step","article_publisher":"https:\/\/www.facebook.com\/Traprenovaties\/?locale=nl_BE","article_modified_time":"2025-05-12T08:39:42+00:00","twitter_card":"summary_large_image","twitter_misc":{"Dur\u00e9e de lecture estim\u00e9e":"2 minutes"},"schema":{"@context":"https:\/\/schema.org","@graph":[{"@type":"WebPage","@id":"https:\/\/new-step.be\/fr\/politique-en-matiere-de-cookies\/","url":"https:\/\/new-step.be\/fr\/politique-en-matiere-de-cookies\/","name":"Politique en mati\u00e8re de cookies - New-step","isPartOf":{"@id":"https:\/\/new-step.be\/fr\/#website"},"datePublished":"2025-05-10T15:12:33+00:00","dateModified":"2025-05-12T08:39:42+00:00","breadcrumb":{"@id":"https:\/\/new-step.be\/fr\/politique-en-matiere-de-cookies\/#breadcrumb"},"inLanguage":"fr-FR","potentialAction":[{"@type":"ReadAction","target":["https:\/\/new-step.be\/fr\/politique-en-matiere-de-cookies\/"]}]},{"@type":"BreadcrumbList","@id":"https:\/\/new-step.be\/fr\/politique-en-matiere-de-cookies\/#breadcrumb","itemListElement":[{"@type":"ListItem","position":1,"name":"Home","item":"https:\/\/new-step.be\/fr\/accueil\/"},{"@type":"ListItem","position":2,"name":"Politique en mati\u00e8re de cookies"}]},{"@type":"WebSite","@id":"https:\/\/new-step.be\/fr\/#website","url":"https:\/\/new-step.be\/fr\/","name":"New-step","description":"Trappen, Renovaties &amp; Balustrades","publisher":{"@id":"https:\/\/new-step.be\/fr\/#organization"},"potentialAction":[{"@type":"SearchAction","target":{"@type":"EntryPoint","urlTemplate":"https:\/\/new-step.be\/fr\/?s={search_term_string}"},"query-input":{"@type":"PropertyValueSpecification","valueRequired":true,"valueName":"search_term_string"}}],"inLanguage":"fr-FR"},{"@type":"Organization","@id":"https:\/\/new-step.be\/fr\/#organization","name":"New-step","url":"https:\/\/new-step.be\/fr\/","logo":{"@type":"ImageObject","inLanguage":"fr-FR","@id":"https:\/\/new-step.be\/fr\/#\/schema\/logo\/image\/","url":"https:\/\/new-step.be\/wp-content\/uploads\/2025\/03\/image-17.svg","contentUrl":"https:\/\/new-step.be\/wp-content\/uploads\/2025\/03\/image-17.svg","width":275,"height":76,"caption":"New-step"},"image":{"@id":"https:\/\/new-step.be\/fr\/#\/schema\/logo\/image\/"},"sameAs":["https:\/\/www.facebook.com\/Traprenovaties\/?locale=nl_BE","https:\/\/www.instagram.com\/newsteptraprenovaties\/"]}]}},"_links":{"self":[{"href":"https:\/\/new-step.be\/fr\/wp-json\/wp\/v2\/pages\/2334","targetHints":{"allow":["GET"]}}],"collection":[{"href":"https:\/\/new-step.be\/fr\/wp-json\/wp\/v2\/pages"}],"about":[{"href":"https:\/\/new-step.be\/fr\/wp-json\/wp\/v2\/types\/page"}],"author":[{"embeddable":true,"href":"https:\/\/new-step.be\/fr\/wp-json\/wp\/v2\/users\/1"}],"replies":[{"embeddable":true,"href":"https:\/\/new-step.be\/fr\/wp-json\/wp\/v2\/comments?post=2334"}],"version-history":[{"count":1,"href":"https:\/\/new-step.be\/fr\/wp-json\/wp\/v2\/pages\/2334\/revisions"}],"predecessor-version":[{"id":2335,"href":"https:\/\/new-step.be\/fr\/wp-json\/wp\/v2\/pages\/2334\/revisions\/2335"}],"wp:attachment":[{"href":"https:\/\/new-step.be\/fr\/wp-json\/wp\/v2\/media?parent=2334"}],"curies":[{"name":"wp","href":"https:\/\/api.w.org\/{rel}","templated":true}]}}